{"id":60,"date":"2021-01-17T16:01:13","date_gmt":"2021-01-17T16:01:13","guid":{"rendered":"http:\/\/www.zentax.cz\/?page_id=60"},"modified":"2023-01-22T17:12:41","modified_gmt":"2023-01-22T17:12:41","slug":"danova-evidence","status":"publish","type":"page","link":"https:\/\/www.zentax.cz\/index.php\/danova-evidence\/","title":{"rendered":"Da\u0148ov\u00e1 evidence"},"content":{"rendered":"\n<p>Nab\u00edz\u00edm veden\u00ed kompletn\u00ed da\u0148ov\u00e9 evidence. Da\u0148ov\u00e1 evidence je povinn\u00e1 pro fyzick\u00e9 osoby nepodl\u00e9haj\u00edc\u00ed povinnosti v\u00e9st \u00fa\u010detnictv\u00ed, je vedena za \u00fa\u010delem zji\u0161t\u011bn\u00ed z\u00e1kladu dan\u011b z p\u0159\u00edjm\u016f.<\/p>\n\n\n\n<p>Doklady je mo\u017en\u00e9 zas\u00edlat podle Va\u0161ich preferenc\u00ed \u2013 po\u0161tou, elektronicky (email, faktura\u010dn\u00ed slu\u017eba iDoklad, \u00fa\u010detn\u00ed klient a dal\u0161\u00ed) nebo si pro n\u011b p\u0159ijedu v r\u00e1mci B\u0159eclavi a okol\u00ed.<\/p>\n\n\n\n<ul><li>kontrola a zpracov\u00e1n\u00ed \u00fa\u010detn\u00edch doklad\u016f podle platn\u00fdch z\u00e1kon\u016f a p\u0159edpis\u016f<\/li><li>zas\u00edl\u00e1n\u00ed p\u0159\u00edkaz\u016f k \u00fahrad\u011b<\/li><li>veden\u00ed z\u00e1konem dan\u00fdch knih a evidenc\u00ed<\/li><li>zpracov\u00e1n\u00ed p\u0159izn\u00e1n\u00ed k DPH m\u011bs\u00ed\u010dn\u011b nebo \u010dtvrtletn\u011b<\/li><li>zpracov\u00e1n\u00ed p\u0159izn\u00e1n\u00ed k dani z p\u0159\u00edjmu fyzick\u00fdch osob a p\u0159ehled\u016f pro SP a ZP<\/li><li>zastupov\u00e1n\u00ed na \u00fa\u0159adech v\u010detn\u011b kontrol Spr\u00e1vy soci\u00e1ln\u00edho zabezpe\u010den\u00ed a zdravotn\u00edch poji\u0161\u0165oven<\/li><\/ul>\n\n\n<p><a href=\"https:\/\/www.stormware.cz\"><img decoding=\"async\" style=\"width: 149px; height: 97px;\" src=\"https:\/\/www.stormware.cz\/image\/ostatni\/BtnUctujeme.png\" alt=\"\"><\/a><br><a style=\"font-family: 'Roboto', Arial, sans-serif; color: #03a9f4; font-size: 15px;\" href=\"https:\/\/www.stormware.cz\">\u00da\u010detn\u00ed program POHODA<\/a><\/p>\n\n\n<figure class=\"wp-block-table is-style-regular\"><table class=\"has-background\" style=\"background-color:#f3f4f5\"><tbody><tr><td class=\"has-text-align-center\" data-align=\"center\"><strong>NEPL\u00c1TCE DPH<\/strong><\/td><td class=\"has-text-align-center\" data-align=\"center\">do 50 doklad\u016f<\/td><td class=\"has-text-align-center\" data-align=\"center\">do 50 doklad\u016f<\/td><td class=\"has-text-align-center\" data-align=\"center\">50-100 doklad\u016f<\/td><td class=\"has-text-align-center\" data-align=\"center\">100-200 doklad\u016f<\/td><td class=\"has-text-align-center\" data-align=\"center\">200 a v\u00edce doklad\u016f<\/td><\/tr><tr><td class=\"has-text-align-center\" data-align=\"center\">faktury, pokladn\u00ed doklady, ID<\/td><td class=\"has-text-align-center\" data-align=\"center\">\u2714<\/td><td class=\"has-text-align-center\" data-align=\"center\">\u2714<\/td><td class=\"has-text-align-center\" data-align=\"center\">\u2714<\/td><td class=\"has-text-align-center\" data-align=\"center\">\u2714<\/td><td class=\"has-text-align-center\" data-align=\"center\">\u2714<\/td><\/tr><tr><td class=\"has-text-align-center\" data-align=\"center\">bankovn\u00ed v\u00fdpisy<\/td><td class=\"has-text-align-center\" data-align=\"center\">\u2714<\/td><td class=\"has-text-align-center\" data-align=\"center\">\u2714<\/td><td class=\"has-text-align-center\" data-align=\"center\">\u2714<\/td><td class=\"has-text-align-center\" data-align=\"center\">\u2714<\/td><td class=\"has-text-align-center\" data-align=\"center\">\u2714<\/td><\/tr><tr><td class=\"has-text-align-center\" data-align=\"center\">sledov\u00e1n\u00ed pohled\u00e1vek\/z\u00e1vazk\u016f<\/td><td class=\"has-text-align-center\" data-align=\"center\">\u2714<\/td><td class=\"has-text-align-center\" data-align=\"center\">\u2714<\/td><td class=\"has-text-align-center\" data-align=\"center\">\u2714<\/td><td class=\"has-text-align-center\" data-align=\"center\">\u2714<\/td><td class=\"has-text-align-center\" data-align=\"center\">\u2714<\/td><\/tr><tr><td class=\"has-text-align-center\" data-align=\"center\">zastupov\u00e1n\u00ed na \u00fa\u0159adech<\/td><td class=\"has-text-align-center\" data-align=\"center\">\u2714<\/td><td class=\"has-text-align-center\" data-align=\"center\">\u2714<\/td><td class=\"has-text-align-center\" data-align=\"center\">\u2714<\/td><td class=\"has-text-align-center\" data-align=\"center\">\u2714<\/td><td class=\"has-text-align-center\" data-align=\"center\">\u2714<\/td><\/tr><tr><td class=\"has-text-align-center\" data-align=\"center\">evidence majetku, odpisy<\/td><td class=\"has-text-align-center\" data-align=\"center\">X<\/td><td class=\"has-text-align-center\" data-align=\"center\">\u2714<\/td><td class=\"has-text-align-center\" data-align=\"center\">\u2714<\/td><td class=\"has-text-align-center\" data-align=\"center\">\u2714<\/td><td class=\"has-text-align-center\" data-align=\"center\">\u2714<\/td><\/tr><tr><td class=\"has-text-align-center\" data-align=\"center\">skladov\u00e9 hospod\u00e1\u0159stv\u00ed<\/td><td class=\"has-text-align-center\" data-align=\"center\">X<\/td><td class=\"has-text-align-center\" data-align=\"center\">\u2714<\/td><td class=\"has-text-align-center\" data-align=\"center\">\u2714<\/td><td class=\"has-text-align-center\" data-align=\"center\">\u2714<\/td><td class=\"has-text-align-center\" data-align=\"center\">\u2714<\/td><\/tr><tr><td class=\"has-text-align-center\" data-align=\"center\">DPH (m\u011bs.\/\u010dtvrtlet.)<\/td><td class=\"has-text-align-center\" data-align=\"center\">X<\/td><td class=\"has-text-align-center\" data-align=\"center\">X<\/td><td class=\"has-text-align-center\" data-align=\"center\">X<\/td><td class=\"has-text-align-center\" data-align=\"center\">X<\/td><td class=\"has-text-align-center\" data-align=\"center\">X<\/td><\/tr><tr><td class=\"has-text-align-center\" data-align=\"center\">cena v K\u010d\/m\u011bs\u00edc<\/td><td class=\"has-text-align-center\" data-align=\"center\"><strong>690,-<\/strong><\/td><td class=\"has-text-align-center\" data-align=\"center\"><strong>950,-<\/strong><\/td><td class=\"has-text-align-center\" data-align=\"center\"><strong>1 650,-<\/strong><\/td><td class=\"has-text-align-center\" data-align=\"center\"><strong>2 200,-<\/strong><\/td><td class=\"has-text-align-center\" data-align=\"center\"><strong>od 3 100,-<\/strong><\/td><\/tr><\/tbody><\/table><figcaption><em>Nejsem pl\u00e1tce DPH. Na z\u00e1klad\u011b p\u0159esn\u00e9ho po\u010dtu doklad\u016f, n\u00e1ro\u010dnosti pr\u00e1ce a dal\u0161\u00edch informac\u00ed, lze uplatnit slevu.<\/em> <br><em>Doklad = faktura, pokladn\u00ed doklad, intern\u00ed doklad,&nbsp;\u0159\u00e1dek bank.v\u00fdpisu<\/em>, <em>karta majetku, skladov\u00e1 p\u0159\u00edjemka a v\u00fddejka<\/em><\/figcaption><\/figure>\n\n\n\n<figure class=\"wp-block-table\"><table class=\"has-background\" style=\"background-color:#f3f4f5\"><tbody><tr><td class=\"has-text-align-center\" data-align=\"center\"><strong>PL\u00c1TCE<\/strong> <strong>DPH<\/strong><\/td><td class=\"has-text-align-center\" data-align=\"center\">do 50 doklad\u016f<\/td><td class=\"has-text-align-center\" data-align=\"center\">do 50 doklad\u016f<\/td><td class=\"has-text-align-center\" data-align=\"center\">50-100 doklad\u016f<\/td><td class=\"has-text-align-center\" data-align=\"center\">100-200 doklad\u016f<\/td><td class=\"has-text-align-center\" data-align=\"center\">200 a v\u00edce doklad\u016f<\/td><\/tr><tr><td class=\"has-text-align-center\" data-align=\"center\">faktury, pokladn\u00ed doklady, ID<\/td><td class=\"has-text-align-center\" data-align=\"center\">\u2714<\/td><td class=\"has-text-align-center\" data-align=\"center\">\u2714<\/td><td class=\"has-text-align-center\" data-align=\"center\">\u2714<\/td><td class=\"has-text-align-center\" data-align=\"center\">\u2714<\/td><td class=\"has-text-align-center\" data-align=\"center\">\u2714<\/td><\/tr><tr><td class=\"has-text-align-center\" data-align=\"center\">bankovn\u00ed v\u00fdpisy<\/td><td class=\"has-text-align-center\" data-align=\"center\">\u2714<\/td><td class=\"has-text-align-center\" data-align=\"center\">\u2714<\/td><td class=\"has-text-align-center\" data-align=\"center\">\u2714<\/td><td class=\"has-text-align-center\" data-align=\"center\">\u2714<\/td><td class=\"has-text-align-center\" data-align=\"center\">\u2714<\/td><\/tr><tr><td class=\"has-text-align-center\" data-align=\"center\">sledov\u00e1n\u00ed pohled\u00e1vek\/z\u00e1vazk\u016f<\/td><td class=\"has-text-align-center\" data-align=\"center\">\u2714<\/td><td class=\"has-text-align-center\" data-align=\"center\">\u2714<\/td><td class=\"has-text-align-center\" data-align=\"center\">\u2714<\/td><td class=\"has-text-align-center\" data-align=\"center\">\u2714<\/td><td class=\"has-text-align-center\" data-align=\"center\">\u2714<\/td><\/tr><tr><td class=\"has-text-align-center\" data-align=\"center\">zastupov\u00e1n\u00ed na \u00fa\u0159adech<\/td><td class=\"has-text-align-center\" data-align=\"center\">\u2714<\/td><td class=\"has-text-align-center\" data-align=\"center\">\u2714<\/td><td class=\"has-text-align-center\" data-align=\"center\">\u2714<\/td><td class=\"has-text-align-center\" data-align=\"center\">\u2714<\/td><td class=\"has-text-align-center\" data-align=\"center\">\u2714<\/td><\/tr><tr><td class=\"has-text-align-center\" data-align=\"center\">evidence majetku, odpisy<\/td><td class=\"has-text-align-center\" data-align=\"center\">X<\/td><td class=\"has-text-align-center\" data-align=\"center\">\u2714<\/td><td class=\"has-text-align-center\" data-align=\"center\">\u2714<\/td><td class=\"has-text-align-center\" data-align=\"center\">\u2714<\/td><td class=\"has-text-align-center\" data-align=\"center\">\u2714<\/td><\/tr><tr><td class=\"has-text-align-center\" data-align=\"center\">skladov\u00e9 hospod\u00e1\u0159stv\u00ed<\/td><td class=\"has-text-align-center\" data-align=\"center\">X<\/td><td class=\"has-text-align-center\" data-align=\"center\">\u2714<\/td><td class=\"has-text-align-center\" data-align=\"center\">\u2714<\/td><td class=\"has-text-align-center\" data-align=\"center\">\u2714<\/td><td class=\"has-text-align-center\" data-align=\"center\">\u2714<\/td><\/tr><tr><td class=\"has-text-align-center\" data-align=\"center\">DPH (m\u011bs.\/\u010dtvrtlet.)<\/td><td class=\"has-text-align-center\" data-align=\"center\">\u2714<\/td><td class=\"has-text-align-center\" data-align=\"center\">\u2714<\/td><td class=\"has-text-align-center\" data-align=\"center\">\u2714<\/td><td class=\"has-text-align-center\" data-align=\"center\">\u2714<\/td><td class=\"has-text-align-center\" data-align=\"center\">\u2714<\/td><\/tr><tr><td class=\"has-text-align-center\" data-align=\"center\">cena v K\u010d\/m\u011bs\u00edc<\/td><td class=\"has-text-align-center\" data-align=\"center\"><strong>800,-<\/strong><\/td><td class=\"has-text-align-center\" data-align=\"center\"><strong>1 050,-<\/strong><\/td><td class=\"has-text-align-center\" data-align=\"center\"><strong>1 750,-<\/strong><\/td><td class=\"has-text-align-center\" data-align=\"center\"><strong>2 500,-<\/strong><\/td><td class=\"has-text-align-center\" data-align=\"center\"><strong>od 3 490,-<\/strong><\/td><\/tr><\/tbody><\/table><figcaption>Nejsem pl\u00e1tce DPH. Na z\u00e1klad\u011b p\u0159esn\u00e9ho po\u010dtu doklad\u016f, n\u00e1ro\u010dnosti pr\u00e1ce a dal\u0161\u00edch informac\u00ed, lze uplatnit slevu.<br>DPH zahrnuje Kontroln\u00ed hl\u00e1\u0161en\u00ed a Souhrnn\u00e9 hl\u00e1\u0161en\u00ed. <br><em>Doklad = faktura, pokladn\u00ed doklad, intern\u00ed doklad,&nbsp;\u0159\u00e1dek bank.v\u00fdpisu, karta majetku, skladov\u00e1 p\u0159\u00edjemka a v\u00fddejka.<\/em><\/figcaption><\/figure>\n\n\n\n<figure class=\"wp-block-table\"><table class=\"has-background\" style=\"background-color:#f3f4f5\"><tbody><tr><td>cena za ka\u017ed\u00fd dal\u0161\u00ed doklad nad 200 doklad\u016f <\/td><td class=\"has-text-align-right\" data-align=\"right\">15,-<\/td><\/tr><tr><td>cena za cestu mimo Brno-m\u011bsto<\/td><td class=\"has-text-align-right\" data-align=\"right\">20,-\/km<\/td><\/tr><tr><td>revize, rekonstrukce \u00fa\u010detnictv\u00ed<\/td><td class=\"has-text-align-right\" data-align=\"right\">550,-\/hod.<\/td><\/tr><\/tbody><\/table><\/figure>\n\n\n\n<h3><strong>MZDOV\u00c9 \u00da\u010cETNICTV\u00cd<\/strong><\/h3>\n\n\n\n<figure class=\"wp-block-table\"><table class=\"has-background\" style=\"background-color:#f3f4f5\"><tbody><tr><td>zam\u011bstnanci (HPP, DPP, DP\u010c)<\/td><td class=\"has-text-align-right\" data-align=\"right\">290,-<\/td><\/tr><tr><td>v\u00fdpo\u010det sr\u00e1\u017eek z&nbsp;\u010dist\u00e9 mzdy &#8211; za ka\u017edou 1 exekuci<\/td><td class=\"has-text-align-right\" data-align=\"right\">100,-<\/td><\/tr><tr><td>cestovn\u00ed p\u0159\u00edkaz<\/td><td class=\"has-text-align-right\" data-align=\"right\">50,-<\/td><\/tr><tr><td>vy\u00fa\u010dtov\u00e1n\u00ed dan\u011b z p\u0159\u00edjm\u016f (za v\u0161echny zam\u011bstnance)<\/td><td class=\"has-text-align-right\" data-align=\"right\">250,-\/rok<\/td><\/tr><tr><td>ro\u010dn\u00ed z\u00fa\u010dtov\u00e1n\u00ed dan\u011b &#8211; za 1 zam\u011bstnance<\/td><td class=\"has-text-align-right\" data-align=\"right\">190,-<\/td><\/tr><tr><td>ELDP<\/td><td class=\"has-text-align-right\" data-align=\"right\">zdarma<\/td><\/tr><tr><td>p\u0159ihl\u00e1\u0161en\u00ed\/odhl\u00e1\u0161en\u00ed zam\u011bstnance na \u00fa\u0159adech<\/td><td class=\"has-text-align-right\" data-align=\"right\">zdarma<\/td><\/tr><\/tbody><\/table><figcaption>V cen\u011b zam\u011bstnance je zahrnuto zpracov\u00e1n\u00ed ve\u0161ker\u00fdch p\u0159ehled\u016f, z\u00e1po\u010dtov\u00fdch list\u016f a sestav povinn\u011b odevzd\u00e1van\u00fdch p\u0159\u00edslu\u0161n\u00fdm instituc\u00edm. V r\u00e1mci t\u00e9to ceny je automaticky zahrnuto i p\u0159\u00edpadn\u00e9 zastupov\u00e1n\u00ed p\u0159i kontrol\u00e1ch Spr\u00e1vy soci\u00e1ln\u00edho zabezpe\u010den\u00ed a zdravotn\u00edch poji\u0161\u0165oven.   <\/figcaption><\/figure>\n\n\n\n<h3><strong>DAN\u011a<\/strong><\/h3>\n\n\n\n<figure class=\"wp-block-table\"><table class=\"has-background\" style=\"background-color:#f3f4f5\"><tbody><tr><td>silni\u010dn\u00ed&nbsp;<\/td><td class=\"has-text-align-right\" data-align=\"right\">350,-<\/td><\/tr><tr><td>za ka\u017ed\u00e9 dal\u0161\u00ed vozidlo nad 3<\/td><td class=\"has-text-align-right\" data-align=\"right\">50,-<\/td><\/tr><tr><td>\u00fa\u010detn\u00ed z\u00e1v\u011brka pro klienta<\/td><td class=\"has-text-align-right\" data-align=\"right\">zdarma<\/td><\/tr><tr><td>DPFO (OSV\u010c), pro klienta nebo na&nbsp;z\u00e1klad\u011b dodan\u00fdch \u00fadaj\u016f v\u010d. p\u0159ehled\u016f*<\/td><td class=\"has-text-align-right\" data-align=\"right\">2 500,-<\/td><\/tr><\/tbody><\/table><figcaption>* <em>P\u0159ehled<\/em>&nbsp;o&nbsp;<em>p\u0159\u00edjmech<\/em>&nbsp;a&nbsp;<em>v\u00fddaj\u00edch OSV\u010c<\/em> pro zdravotn\u00ed poji\u0161\u0165ovnu a \u010cSSZ<\/figcaption><\/figure>\n\n\n\n<p><\/p>\n\n\n\n<p>Informace o podm\u00ednk\u00e1ch zpracov\u00e1n\u00ed a ochrany osobn\u00edch \u00fadaj\u016f <a rel=\"noreferrer noopener\" href=\"https:\/\/www.zentax.cz\/index.php\/gdpr\/\" target=\"_blank\">GDPR<\/a>.<\/p>\n","protected":false},"excerpt":{"rendered":"<p>Nab\u00edz\u00edm veden\u00ed kompletn\u00ed da\u0148ov\u00e9 evidence. Da\u0148ov\u00e1 evidence je povinn\u00e1 pro fyzick\u00e9 osoby nepodl\u00e9haj\u00edc\u00ed povinnosti v\u00e9st \u00fa\u010detnictv\u00ed, je vedena za \u00fa\u010delem zji\u0161t\u011bn\u00ed z\u00e1kladu dan\u011b z p\u0159\u00edjm\u016f. Doklady je mo\u017en\u00e9 zas\u00edlat podle Va\u0161ich preferenc\u00ed \u2013 po\u0161tou, elektronicky (email, faktura\u010dn\u00ed slu\u017eba iDoklad, \u00fa\u010detn\u00ed klient a dal\u0161\u00ed) nebo si pro n\u011b p\u0159ijedu v r\u00e1mci B\u0159eclavi a okol\u00ed. kontrola a &hellip; <\/p>\n<p class=\"link-more\"><a href=\"https:\/\/www.zentax.cz\/index.php\/danova-evidence\/\" class=\"more-link\">Pokra\u010dovat ve \u010dten\u00ed<span class=\"screen-reader-text\"> &#8222;Da\u0148ov\u00e1 evidence&#8220;<\/span><\/a><\/p>\n","protected":false},"author":1,"featured_media":0,"parent":0,"menu_order":0,"comment_status":"closed","ping_status":"closed","template":"","meta":[],"_links":{"self":[{"href":"https:\/\/www.zentax.cz\/index.php\/wp-json\/wp\/v2\/pages\/60"}],"collection":[{"href":"https:\/\/www.zentax.cz\/index.php\/wp-json\/wp\/v2\/pages"}],"about":[{"href":"https:\/\/www.zentax.cz\/index.php\/wp-json\/wp\/v2\/types\/page"}],"author":[{"embeddable":true,"href":"https:\/\/www.zentax.cz\/index.php\/wp-json\/wp\/v2\/users\/1"}],"replies":[{"embeddable":true,"href":"https:\/\/www.zentax.cz\/index.php\/wp-json\/wp\/v2\/comments?post=60"}],"version-history":[{"count":43,"href":"https:\/\/www.zentax.cz\/index.php\/wp-json\/wp\/v2\/pages\/60\/revisions"}],"predecessor-version":[{"id":919,"href":"https:\/\/www.zentax.cz\/index.php\/wp-json\/wp\/v2\/pages\/60\/revisions\/919"}],"wp:attachment":[{"href":"https:\/\/www.zentax.cz\/index.php\/wp-json\/wp\/v2\/media?parent=60"}],"curies":[{"name":"wp","href":"https:\/\/api.w.org\/{rel}","templated":true}]}}