{"id":59,"date":"2021-01-17T16:01:13","date_gmt":"2021-01-17T16:01:13","guid":{"rendered":"http:\/\/www.zentax.cz\/?page_id=59"},"modified":"2022-06-25T18:31:36","modified_gmt":"2022-06-25T18:31:36","slug":"kontakty","status":"publish","type":"page","link":"https:\/\/www.zentax.cz\/index.php\/kontakty\/","title":{"rendered":"Kontakty"},"content":{"rendered":"\t\t<div data-elementor-type=\"wp-page\" data-elementor-id=\"59\" class=\"elementor elementor-59\" data-elementor-settings=\"[]\">\n\t\t\t\t\t\t<div class=\"elementor-inner\">\n\t\t\t\t\t\t\t<div class=\"elementor-section-wrap\">\n\t\t\t\t\t\t\t<section class=\"elementor-section elementor-top-section elementor-element elementor-element-3fdc07e7 elementor-section-boxed elementor-section-height-default elementor-section-height-default\" data-id=\"3fdc07e7\" data-element_type=\"section\">\n\t\t\t\t\t\t<div class=\"elementor-container elementor-column-gap-default\">\n\t\t\t\t\t\t\t<div class=\"elementor-row\">\n\t\t\t\t\t<div class=\"elementor-column elementor-col-100 elementor-top-column elementor-element elementor-element-4931fdd8\" data-id=\"4931fdd8\" data-element_type=\"column\">\n\t\t\t<div class=\"elementor-column-wrap elementor-element-populated\">\n\t\t\t\t\t\t\t<div class=\"elementor-widget-wrap\">\n\t\t\t\t\t\t<div class=\"elementor-element elementor-element-d76c7d7 elementor-widget elementor-widget-text-editor\" data-id=\"d76c7d7\" data-element_type=\"widget\" data-widget_type=\"text-editor.default\">\n\t\t\t\t<div class=\"elementor-widget-container\">\n\t\t\t\t\t\t\t\t<div class=\"elementor-text-editor elementor-clearfix\">\n\t\t\t\t<p><strong style=\"color: #666666; font-size: 1.625rem; font-family: var( --e-global-typography-text-font-family ), Sans-serif;\"><span style=\"color: #000000;\">ZenTax &#8211; Ing. Michaela Fenglov\u00e1<\/span><\/strong><\/p>\n<h4><strong style=\"font-size: 1.375rem; font-family: var( --e-global-typography-text-font-family ), Sans-serif;\"><span style=\"color: #000000;\">&nbsp; &nbsp;I\u010c:&nbsp; &nbsp; &nbsp;<\/span><\/strong><span style=\"font-size: 1.375rem; font-weight: 300; font-family: var( --e-global-typography-text-font-family ), Sans-serif; color: rgb(0, 0, 0);\">09477071<\/span><br><\/h4>\n<p><span style=\"color: #000000; font-family: var( --e-global-typography-text-font-family ), Sans-serif; font-size: 1rem; font-weight: var( --e-global-typography-text-font-weight );\"><img decoding=\"async\" loading=\"lazy\" src=\"http:\/\/www.zentax.cz\/wp-content\/uploads\/2021\/02\/zen_location-300x300.png\" alt=\"\" width=\"55\" height=\"55\">&nbsp; &nbsp; Tvrdonice a okres B\u0159eclav&nbsp;<\/span><\/p>\n<p><span style=\"color: #000000;\"><span style=\"font-size: 1rem;\">&nbsp; <img decoding=\"async\" loading=\"lazy\" src=\"http:\/\/www.zentax.cz\/wp-content\/uploads\/2021\/02\/zen_email-300x300.png\" alt=\"\" width=\"40\" height=\"40\">&nbsp; &nbsp; &nbsp; i<\/span><span style=\"font-size: 1rem;\">nfo@zentax.cz<\/span><\/span><\/p>\n<p><span style=\"font-family: var( --e-global-typography-text-font-family ), Sans-serif; font-weight: var( --e-global-typography-text-font-weight ); font-size: 1rem; color: #000000;\">&nbsp;<img decoding=\"async\" loading=\"lazy\" src=\"http:\/\/www.zentax.cz\/wp-content\/uploads\/2021\/02\/zen_smartphone-300x300.png\" alt=\"\" width=\"50\" height=\"50\">&nbsp; &nbsp;&nbsp;<\/span><span style=\"font-family: var( --e-global-typography-text-font-family ), Sans-serif; font-weight: var( --e-global-typography-text-font-weight ); font-size: 1rem; color: #000000;\"><span style=\"font-size: 1rem;\">+420 721 909 270<\/span><\/span><\/p>\n<p>&nbsp;&nbsp;<span style=\"color: #000000; font-family: var( --e-global-typography-text-font-family ), Sans-serif; font-weight: var( --e-global-typography-text-font-weight ); font-size: 1rem;\"> <img decoding=\"async\" loading=\"lazy\" src=\"http:\/\/www.zentax.cz\/wp-content\/uploads\/2021\/02\/zen_linked-300x300.png\" alt=\"\" width=\"40\" height=\"40\"><a style=\"font-size: 1rem;\" href=\"http:\/\/www.linkedin.com\/in\/michaelafenglova\" target=\"_blank\" rel=\"noopener\">&nbsp; &nbsp; www.linkedin.com\/in\/michaelafenglova<\/a><span style=\"background-color: transparent; color: rgba(0, 0, 0, 0.9); font-family: -apple-system, system-ui, BlinkMacSystemFont, 'Segoe UI', Roboto, 'Helvetica Neue', 'Fira Sans', Ubuntu, Oxygen, 'Oxygen Sans', Cantarell, 'Droid Sans', 'Apple Color Emoji', 'Segoe UI Emoji', 'Segoe UI Emoji', 'Segoe UI Symbol', 'Lucida Grande', Helvetica, Arial, sans-serif; font-weight: var( --e-global-typography-text-font-weight ); font-size: 1rem;\">&nbsp;&nbsp;<\/span><\/span><\/p>\n<h4><span style=\"background-color: transparent;\">&nbsp;<span style=\"font-weight: normal;\">\u010clen Sdru\u017een\u00ed \u00fa\u010detn\u00edch a da\u0148ov\u00fdch poradc\u016f ev.\u010d. 2910<\/span><\/span><\/h4>\t\t\t\t\t<\/div>\n\t\t\t\t\t\t<\/div>\n\t\t\t\t<\/div>\n\t\t\t\t\t\t<\/div>\n\t\t\t\t\t<\/div>\n\t\t<\/div>\n\t\t\t\t\t\t\t\t<\/div>\n\t\t\t\t\t<\/div>\n\t\t<\/section>\n\t\t\t\t<section class=\"elementor-section elementor-top-section elementor-element elementor-element-4e09907 elementor-section-full_width elementor-section-stretched elementor-section-height-default elementor-section-height-default\" data-id=\"4e09907\" data-element_type=\"section\" data-settings=\"{&quot;stretch_section&quot;:&quot;section-stretched&quot;}\">\n\t\t\t\t\t\t<div class=\"elementor-container elementor-column-gap-no\">\n\t\t\t\t\t\t\t<div class=\"elementor-row\">\n\t\t\t\t\t<div class=\"elementor-column elementor-col-100 elementor-top-column elementor-element elementor-element-a198d19\" data-id=\"a198d19\" data-element_type=\"column\">\n\t\t\t<div class=\"elementor-column-wrap elementor-element-populated\">\n\t\t\t\t\t\t\t<div class=\"elementor-widget-wrap\">\n\t\t\t\t\t\t<div class=\"elementor-element elementor-element-967b16f elementor-widget elementor-widget-image\" data-id=\"967b16f\" data-element_type=\"widget\" data-settings=\"{&quot;_animation&quot;:&quot;none&quot;}\" data-widget_type=\"image.default\">\n\t\t\t\t<div class=\"elementor-widget-container\">\n\t\t\t\t\t\t\t\t<div class=\"elementor-image\">\n\t\t\t\t\t\t\t\t\t\t\t\t<img decoding=\"async\" width=\"2000\" height=\"756\" src=\"https:\/\/www.zentax.cz\/wp-content\/uploads\/2021\/04\/catedral-brno2-e1617976037747-2000x756.jpg\" class=\"attachment-twentyseventeen-featured-image size-twentyseventeen-featured-image\" alt=\"\" loading=\"lazy\" sizes=\"100vw\" \/>\t\t\t\t\t\t\t\t\t\t\t\t\t\t<\/div>\n\t\t\t\t\t\t<\/div>\n\t\t\t\t<\/div>\n\t\t\t\t<div class=\"elementor-element elementor-element-73267c7 elementor-widget elementor-widget-text-editor\" data-id=\"73267c7\" data-element_type=\"widget\" data-widget_type=\"text-editor.default\">\n\t\t\t\t<div class=\"elementor-widget-container\">\n\t\t\t\t\t\t\t\t<div class=\"elementor-text-editor elementor-clearfix\">\n\t\t\t\t\t\t\t\t\t<\/div>\n\t\t\t\t\t\t<\/div>\n\t\t\t\t<\/div>\n\t\t\t\t\t\t<\/div>\n\t\t\t\t\t<\/div>\n\t\t<\/div>\n\t\t\t\t\t\t\t\t<\/div>\n\t\t\t\t\t<\/div>\n\t\t<\/section>\n\t\t\t\t<section class=\"elementor-section elementor-top-section elementor-element elementor-element-5f16c4d elementor-section-boxed elementor-section-height-default elementor-section-height-default\" data-id=\"5f16c4d\" data-element_type=\"section\">\n\t\t\t\t\t\t<div class=\"elementor-container elementor-column-gap-default\">\n\t\t\t\t\t\t\t<div class=\"elementor-row\">\n\t\t\t\t\t<div class=\"elementor-column elementor-col-100 elementor-top-column elementor-element elementor-element-c2f3e8d\" data-id=\"c2f3e8d\" data-element_type=\"column\">\n\t\t\t<div class=\"elementor-column-wrap elementor-element-populated\">\n\t\t\t\t\t\t\t<div class=\"elementor-widget-wrap\">\n\t\t\t\t\t\t<div class=\"elementor-element elementor-element-07bdfb3 elementor-widget elementor-widget-image\" data-id=\"07bdfb3\" data-element_type=\"widget\" data-widget_type=\"image.default\">\n\t\t\t\t<div class=\"elementor-widget-container\">\n\t\t\t\t\t\t\t\t<div class=\"elementor-image\">\n\t\t\t\t\t\t\t\t\t\t\t\t<img decoding=\"async\" width=\"300\" height=\"225\" src=\"https:\/\/www.zentax.cz\/wp-content\/uploads\/2021\/03\/zen_ending-300x225.png\" class=\"attachment-medium size-medium\" alt=\"\" loading=\"lazy\" srcset=\"https:\/\/www.zentax.cz\/wp-content\/uploads\/2021\/03\/zen_ending-300x225.png 300w, https:\/\/www.zentax.cz\/wp-content\/uploads\/2021\/03\/zen_ending-768x576.png 768w, https:\/\/www.zentax.cz\/wp-content\/uploads\/2021\/03\/zen_ending.png 1000w\" sizes=\"100vw\" \/>\t\t\t\t\t\t\t\t\t\t\t\t\t\t<\/div>\n\t\t\t\t\t\t<\/div>\n\t\t\t\t<\/div>\n\t\t\t\t\t\t<\/div>\n\t\t\t\t\t<\/div>\n\t\t<\/div>\n\t\t\t\t\t\t\t\t<\/div>\n\t\t\t\t\t<\/div>\n\t\t<\/section>\n\t\t\t\t\t\t<\/div>\n\t\t\t\t\t\t<\/div>\n\t\t\t\t\t<\/div>\n\t\t","protected":false},"excerpt":{"rendered":"<p>ZenTax &#8211; Ing. Michaela Fenglov\u00e1 &nbsp; &nbsp;I\u010c:&nbsp; &nbsp; &nbsp;09477071 &nbsp; &nbsp; Tvrdonice a okres B\u0159eclav&nbsp; &nbsp; &nbsp; &nbsp; &nbsp; info@zentax.cz &nbsp;&nbsp; &nbsp;&nbsp;+420 721 909 270 &nbsp;&nbsp; &nbsp; &nbsp; www.linkedin.com\/in\/michaelafenglova&nbsp;&nbsp; &nbsp;\u010clen Sdru\u017een\u00ed \u00fa\u010detn\u00edch a da\u0148ov\u00fdch poradc\u016f ev.\u010d. 2910<\/p>\n","protected":false},"author":1,"featured_media":0,"parent":0,"menu_order":0,"comment_status":"closed","ping_status":"closed","template":"","meta":[],"_links":{"self":[{"href":"https:\/\/www.zentax.cz\/index.php\/wp-json\/wp\/v2\/pages\/59"}],"collection":[{"href":"https:\/\/www.zentax.cz\/index.php\/wp-json\/wp\/v2\/pages"}],"about":[{"href":"https:\/\/www.zentax.cz\/index.php\/wp-json\/wp\/v2\/types\/page"}],"author":[{"embeddable":true,"href":"https:\/\/www.zentax.cz\/index.php\/wp-json\/wp\/v2\/users\/1"}],"replies":[{"embeddable":true,"href":"https:\/\/www.zentax.cz\/index.php\/wp-json\/wp\/v2\/comments?post=59"}],"version-history":[{"count":94,"href":"https:\/\/www.zentax.cz\/index.php\/wp-json\/wp\/v2\/pages\/59\/revisions"}],"predecessor-version":[{"id":895,"href":"https:\/\/www.zentax.cz\/index.php\/wp-json\/wp\/v2\/pages\/59\/revisions\/895"}],"wp:attachment":[{"href":"https:\/\/www.zentax.cz\/index.php\/wp-json\/wp\/v2\/media?parent=59"}],"curies":[{"name":"wp","href":"https:\/\/api.w.org\/{rel}","templated":true}]}}