{"id":265,"date":"2021-01-21T20:52:11","date_gmt":"2021-01-21T20:52:11","guid":{"rendered":"http:\/\/www.zentax.cz\/?page_id=265"},"modified":"2022-01-01T13:54:49","modified_gmt":"2022-01-01T13:54:49","slug":"zamestnanci","status":"publish","type":"page","link":"https:\/\/www.zentax.cz\/index.php\/zamestnanci\/","title":{"rendered":"Pro zam\u011bstnance"},"content":{"rendered":"\n<p>Pokud jste zam\u011bstnancem, nemus\u00edte si s dan\u011bmi v\u016fbec l\u00e1mat hlavu. Sta\u010d\u00ed zaj\u00edt do mzdov\u00e9 \u00fa\u010dt\u00e1rny, tam podepsat formul\u00e1\u0159 &#8222;Prohl\u00e1\u0161en\u00ed poplatn\u00edka&#8220; a v dubnu m\u016f\u017eete ve v\u00fdplat\u011b o\u010dek\u00e1vat v\u00fdsledek. Zam\u011bstnavatel za V\u00e1s vypo\u0159\u00e1d\u00e1 dan\u011b, i kdy\u017e jste u n\u011bj nepracovali cel\u00fd minul\u00fd rok. Sta\u010d\u00ed m\u00edt od p\u0159ede\u0161l\u00e9ho zam\u011bstnavatele formul\u00e1\u0159 &#8222;Potvrzen\u00ed p\u0159\u00edjm\u016f&#8220;.<\/p>\n\n\n\n<p>Kdy si <strong>MUS\u00cdTE <\/strong>podat da\u0148ov\u00e9 p\u0159izn\u00e1n\u00ed sami:<\/p>\n\n\n\n<ul><li>pokud jste pracovali pro v\u00edce zam\u011bstnavatel\u016f najednou, <\/li><li>m\u011bli jste vysok\u00e9 p\u0159\u00edjmy (solid\u00e1rn\u00ed da\u0148), <\/li><li>k pr\u00e1ci podnik\u00e1te, investujete, pronaj\u00edm\u00e1te, prodali jste \u0161t\u011b\u0148ata atd. <\/li><li>nechcete, aby v pr\u00e1ci v\u011bd\u011bli, \u017ee jste si vzali 8 mil. hypot\u00e9ku a s platem vyjdete taktak, <\/li><li>nechcete, aby v nov\u00e9m zam\u011bstn\u00e1n\u00ed v\u011bd\u011bli jakou jste m\u011bli mzdu u p\u0159ede\u0161l\u00e9ho zam\u011bstnavatele, <\/li><li>pokud je pan\u00ed mzdov\u00e1 \u00fa\u010detn\u00ed na V\u00e1s velmi p\u0159\u00edsn\u00e1 a nedonesli jste ve\u0161ker\u00e1 potvrzen\u00ed pro z\u00fa\u010dtov\u00e1n\u00ed dan\u011b do 15. 02.<\/li><\/ul>\n\n\n\n<p>Cena za zpracov\u00e1n\u00ed da\u0148ov\u00e9ho p\u0159izn\u00e1n\u00ed v\u010detn\u011b pohl\u00edd\u00e1n\u00ed pot\u0159ebn\u00fdch p\u0159\u00edloh a p\u0159ehled\u016f pro \u010cSSZ a zdravotn\u00ed poji\u0161\u0165ovnu: <\/p>\n\n\n\n<p class=\"has-black-color has-text-color\" style=\"font-size:27px;line-height:1.3\"><strong>350,- K\u010d<\/strong> &#8211; p\u0159\u00edjmy pouze ze zam\u011bstn\u00e1n\u00ed<\/p>\n\n\n\n<p class=\"has-black-color has-text-color\" style=\"font-size:27px\"><strong>550,- K\u010d<\/strong> &#8211; p\u0159\u00edjmy ze zam\u011bstn\u00e1n\u00ed a SV\u010c<\/p>\n\n\n\n<p>Pozn.: v\u0161e vy\u0159e\u0161\u00edme elektronicky na d\u00e1lku, Vy si jen p\u0159izn\u00e1n\u00ed vytisknete, podep\u00ed\u0161ete a odevzd\u00e1te na F\u00da nebo pod\u00e1te  <a rel=\"noreferrer noopener\" href=\"https:\/\/www.zentax.cz\/index.php\/2021\/03\/06\/danove-priznani-za-rok-2020-elektronicky\/\" data-type=\"URL\" data-id=\"https:\/\/www.zentax.cz\/index.php\/2021\/03\/06\/danove-priznani-za-rok-2020-elektronicky\/\" target=\"_blank\">online<\/a> <\/p>\n\n\n\n<p>Pro v\u00edce informac\u00ed m\u011b nev\u00e1hejte kontaktovat na <strong>info@zentax.cz<\/strong><\/p>\n\n\n\n<p>Informace o podm\u00ednk\u00e1ch zpracov\u00e1n\u00ed a ochrany osobn\u00edch \u00fadaj\u016f <a rel=\"noreferrer noopener\" href=\"https:\/\/www.zentax.cz\/index.php\/gdpr\/\" target=\"_blank\">GDPR<\/a>.<\/p>\n\n\n\n<figure class=\"wp-block-image size-large\"><img decoding=\"async\" loading=\"lazy\" width=\"2400\" height=\"1348\" src=\"https:\/\/www.zentax.cz\/wp-content\/uploads\/2021\/04\/Summer-Hygge-edited.jpg\" alt=\"\" class=\"wp-image-739\" srcset=\"https:\/\/www.zentax.cz\/wp-content\/uploads\/2021\/04\/Summer-Hygge-edited.jpg 2400w, https:\/\/www.zentax.cz\/wp-content\/uploads\/2021\/04\/Summer-Hygge-edited-300x169.jpg 300w, https:\/\/www.zentax.cz\/wp-content\/uploads\/2021\/04\/Summer-Hygge-edited-1024x575.jpg 1024w, https:\/\/www.zentax.cz\/wp-content\/uploads\/2021\/04\/Summer-Hygge-edited-768x431.jpg 768w, https:\/\/www.zentax.cz\/wp-content\/uploads\/2021\/04\/Summer-Hygge-edited-1536x863.jpg 1536w, https:\/\/www.zentax.cz\/wp-content\/uploads\/2021\/04\/Summer-Hygge-edited-2048x1150.jpg 2048w\" sizes=\"(max-width: 767px) 89vw, (max-width: 1000px) 54vw, (max-width: 1071px) 543px, 580px\" \/><\/figure>\n\n\n\n<div class=\"wp-block-image\"><figure class=\"aligncenter size-large is-resized\"><img decoding=\"async\" loading=\"lazy\" src=\"http:\/\/www.zentax.cz\/wp-content\/uploads\/2021\/03\/zen_ending.png\" alt=\"\" class=\"wp-image-629\" width=\"248\" height=\"185\" srcset=\"https:\/\/www.zentax.cz\/wp-content\/uploads\/2021\/03\/zen_ending.png 1000w, https:\/\/www.zentax.cz\/wp-content\/uploads\/2021\/03\/zen_ending-300x225.png 300w, https:\/\/www.zentax.cz\/wp-content\/uploads\/2021\/03\/zen_ending-768x576.png 768w\" sizes=\"(max-width: 248px) 100vw, 248px\" \/><\/figure><\/div>\n\n\n\n<p><\/p>\n","protected":false},"excerpt":{"rendered":"<p>Pokud jste zam\u011bstnancem, nemus\u00edte si s dan\u011bmi v\u016fbec l\u00e1mat hlavu. Sta\u010d\u00ed zaj\u00edt do mzdov\u00e9 \u00fa\u010dt\u00e1rny, tam podepsat formul\u00e1\u0159 &#8222;Prohl\u00e1\u0161en\u00ed poplatn\u00edka&#8220; a v dubnu m\u016f\u017eete ve v\u00fdplat\u011b o\u010dek\u00e1vat v\u00fdsledek. Zam\u011bstnavatel za V\u00e1s vypo\u0159\u00e1d\u00e1 dan\u011b, i kdy\u017e jste u n\u011bj nepracovali cel\u00fd minul\u00fd rok. Sta\u010d\u00ed m\u00edt od p\u0159ede\u0161l\u00e9ho zam\u011bstnavatele formul\u00e1\u0159 &#8222;Potvrzen\u00ed p\u0159\u00edjm\u016f&#8220;. Kdy si MUS\u00cdTE podat da\u0148ov\u00e9 &hellip; <\/p>\n<p class=\"link-more\"><a href=\"https:\/\/www.zentax.cz\/index.php\/zamestnanci\/\" class=\"more-link\">Pokra\u010dovat ve \u010dten\u00ed<span class=\"screen-reader-text\"> &#8222;Pro zam\u011bstnance&#8220;<\/span><\/a><\/p>\n","protected":false},"author":1,"featured_media":0,"parent":0,"menu_order":0,"comment_status":"closed","ping_status":"closed","template":"","meta":[],"_links":{"self":[{"href":"https:\/\/www.zentax.cz\/index.php\/wp-json\/wp\/v2\/pages\/265"}],"collection":[{"href":"https:\/\/www.zentax.cz\/index.php\/wp-json\/wp\/v2\/pages"}],"about":[{"href":"https:\/\/www.zentax.cz\/index.php\/wp-json\/wp\/v2\/types\/page"}],"author":[{"embeddable":true,"href":"https:\/\/www.zentax.cz\/index.php\/wp-json\/wp\/v2\/users\/1"}],"replies":[{"embeddable":true,"href":"https:\/\/www.zentax.cz\/index.php\/wp-json\/wp\/v2\/comments?post=265"}],"version-history":[{"count":28,"href":"https:\/\/www.zentax.cz\/index.php\/wp-json\/wp\/v2\/pages\/265\/revisions"}],"predecessor-version":[{"id":849,"href":"https:\/\/www.zentax.cz\/index.php\/wp-json\/wp\/v2\/pages\/265\/revisions\/849"}],"wp:attachment":[{"href":"https:\/\/www.zentax.cz\/index.php\/wp-json\/wp\/v2\/media?parent=265"}],"curies":[{"name":"wp","href":"https:\/\/api.w.org\/{rel}","templated":true}]}}