{"id":173,"date":"2021-01-19T10:04:45","date_gmt":"2021-01-19T10:04:45","guid":{"rendered":"http:\/\/www.zentax.cz\/?page_id=173"},"modified":"2023-01-22T17:34:11","modified_gmt":"2023-01-22T17:34:11","slug":"home","status":"publish","type":"page","link":"https:\/\/www.zentax.cz\/","title":{"rendered":""},"content":{"rendered":"\n<p>Nab\u00edz\u00edm kompletn\u00ed veden\u00ed \u00fa\u010detnictv\u00ed nebo da\u0148ov\u00e9 evidence pro \u017eivnostn\u00edky, mikro a mal\u00e9 \u00fa\u010detn\u00ed jednotky <strong>(do 10&nbsp;zam\u011bstnanc\u016f)<\/strong>, v\u010d. mzdov\u00e9ho \u00fa\u010detnictv\u00ed, \u00fa\u010detn\u00ed z\u00e1v\u011brky a pod\u00e1n\u00ed v\u0161ech da\u0148ov\u00fdch p\u0159izn\u00e1n\u00ed souvisej\u00edc\u00edch s Va\u0161\u00ed&nbsp;podnikatelskou \u010dinnost\u00ed.<\/p>\n\n\n\n<p>Doklady mi m\u016f\u017eete zas\u00edlat podle Va\u0161ich preferenc\u00ed &#8211; po\u0161tou, elektronicky (v\u010d. mobiln\u00ed fakturace mPOHODA) nebo si pro n\u011b p\u0159ijedu v r\u00e1mci B\u0159eclavi a okol\u00ed.<\/p>\n\n\n\n<p>V\u00edce o podm\u00ednk\u00e1ch veden\u00ed \u00fa\u010detnictv\u00ed a cen\u00e1ch naleznete v jednotliv\u00fdch z\u00e1lo\u017ek\u00e1ch.<\/p>\n\n\n\n<p><a href=\"https:\/\/www.zentax.cz\/index.php\/2023\/01\/05\/terminy-pro-danove-priznani-a-prehledy-osvc-za-rok-2022\/\" data-type=\"URL\" data-id=\"https:\/\/www.zentax.cz\/index.php\/2023\/01\/05\/terminy-pro-danove-priznani-a-prehledy-osvc-za-rok-2022\/\" target=\"_blank\" rel=\"noreferrer noopener\">Aktuality<\/a><\/p>\n\n\n\n<figure class=\"wp-block-image size-large\"><img decoding=\"async\" loading=\"lazy\" width=\"1024\" height=\"41\" src=\"https:\/\/www.zentax.cz\/wp-content\/uploads\/2021\/03\/zen_seda-1-1024x41.png\" alt=\"\" class=\"wp-image-644\" srcset=\"https:\/\/www.zentax.cz\/wp-content\/uploads\/2021\/03\/zen_seda-1-1024x41.png 1024w, https:\/\/www.zentax.cz\/wp-content\/uploads\/2021\/03\/zen_seda-1-300x12.png 300w, https:\/\/www.zentax.cz\/wp-content\/uploads\/2021\/03\/zen_seda-1-768x31.png 768w, https:\/\/www.zentax.cz\/wp-content\/uploads\/2021\/03\/zen_seda-1-1536x61.png 1536w, https:\/\/www.zentax.cz\/wp-content\/uploads\/2021\/03\/zen_seda-1.png 2000w\" sizes=\"(max-width: 767px) 89vw, (max-width: 1000px) 54vw, (max-width: 1071px) 543px, 580px\" \/><\/figure>\n\n\n\n<p>I provide comprehensive bookkeeping and tax services in accordance with Czech Generally Accepted Accounting Principles (Czech GAAP) for sole entrepreneurs and small-sized enterprises (<strong>up to 10 employees<\/strong>).<\/p>\n\n\n\n<p>You can send me documents by post, electronically or I can collect them personally within Breclav (CZ) and surroundings.<\/p>\n\n\n\n<p>You can find more about accounting services and prices on <a href=\"https:\/\/www.zentax.cz\/index.php\/accounting-services-and-taxes\/\" data-type=\"URL\" data-id=\"https:\/\/www.zentax.cz\/index.php\/accounting-services-and-taxes\/\">this page<\/a>.<\/p>\n","protected":false},"excerpt":{"rendered":"<p>Nab\u00edz\u00edm kompletn\u00ed veden\u00ed \u00fa\u010detnictv\u00ed nebo da\u0148ov\u00e9 evidence pro \u017eivnostn\u00edky, mikro a mal\u00e9 \u00fa\u010detn\u00ed jednotky (do 10&nbsp;zam\u011bstnanc\u016f), v\u010d. mzdov\u00e9ho \u00fa\u010detnictv\u00ed, \u00fa\u010detn\u00ed z\u00e1v\u011brky a pod\u00e1n\u00ed v\u0161ech da\u0148ov\u00fdch p\u0159izn\u00e1n\u00ed souvisej\u00edc\u00edch s Va\u0161\u00ed&nbsp;podnikatelskou \u010dinnost\u00ed. Doklady mi m\u016f\u017eete zas\u00edlat podle Va\u0161ich preferenc\u00ed &#8211; po\u0161tou, elektronicky (v\u010d. mobiln\u00ed fakturace mPOHODA) nebo si pro n\u011b p\u0159ijedu v r\u00e1mci B\u0159eclavi a okol\u00ed. V\u00edce &hellip; <\/p>\n<p class=\"link-more\"><a href=\"https:\/\/www.zentax.cz\/\" class=\"more-link\">Pokra\u010dovat ve \u010dten\u00ed<span class=\"screen-reader-text\"> &#8222;&#8220;<\/span><\/a><\/p>\n","protected":false},"author":1,"featured_media":0,"parent":0,"menu_order":0,"comment_status":"closed","ping_status":"closed","template":"","meta":[],"_links":{"self":[{"href":"https:\/\/www.zentax.cz\/index.php\/wp-json\/wp\/v2\/pages\/173"}],"collection":[{"href":"https:\/\/www.zentax.cz\/index.php\/wp-json\/wp\/v2\/pages"}],"about":[{"href":"https:\/\/www.zentax.cz\/index.php\/wp-json\/wp\/v2\/types\/page"}],"author":[{"embeddable":true,"href":"https:\/\/www.zentax.cz\/index.php\/wp-json\/wp\/v2\/users\/1"}],"replies":[{"embeddable":true,"href":"https:\/\/www.zentax.cz\/index.php\/wp-json\/wp\/v2\/comments?post=173"}],"version-history":[{"count":45,"href":"https:\/\/www.zentax.cz\/index.php\/wp-json\/wp\/v2\/pages\/173\/revisions"}],"predecessor-version":[{"id":926,"href":"https:\/\/www.zentax.cz\/index.php\/wp-json\/wp\/v2\/pages\/173\/revisions\/926"}],"wp:attachment":[{"href":"https:\/\/www.zentax.cz\/index.php\/wp-json\/wp\/v2\/media?parent=173"}],"curies":[{"name":"wp","href":"https:\/\/api.w.org\/{rel}","templated":true}]}}