{"id":136,"date":"2021-01-18T17:40:23","date_gmt":"2021-01-18T17:40:23","guid":{"rendered":"http:\/\/www.zentax.cz\/?page_id=136"},"modified":"2022-06-25T19:06:08","modified_gmt":"2022-06-25T19:06:08","slug":"gdpr","status":"publish","type":"page","link":"https:\/\/www.zentax.cz\/index.php\/gdpr\/","title":{"rendered":"GDPR"},"content":{"rendered":"\n<h1>Podm\u00ednky zpracov\u00e1n\u00ed a ochrany osobn\u00edch \u00fadaj\u016f<\/h1>\n\n\n\n<p>V\u00e1\u017een\u00ed klienti,<\/p>\n\n\n\n<p>podle Na\u0159\u00edzen\u00ed (EU) 2016\/679 (GDPR) se zavazuji respektovat a ochra\u0148ovat Va\u0161e soukrom\u00ed a chr\u00e1nit Va\u0161e osobn\u00ed \u00fadaje a postupovat v souladu se z\u00e1konem \u010d. 101\/2000 Sb., o ochran\u011b osobn\u00edch \u00fadaj\u016f a o zm\u011bn\u011b n\u011bkter\u00fdch z\u00e1kon\u016f.<\/p>\n\n\n\n<p>V souladu s po\u017eadavky na\u0159\u00edzen\u00ed sd\u011bluji, \u017ee m\u00e9 identifika\u010dn\u00ed \u00fadaje, jako osoby nakl\u00e1daj\u00edc\u00ed s Va\u0161imi osobn\u00edmi \u00fadaji (d\u00e1le jen \u201eSpr\u00e1vce\u201c) jsou n\u00e1sleduj\u00edc\u00ed:<\/p>\n\n\n\n<p>Jm\u00e9no a p\u0159\u00edjmen\u00ed:   Michaela Fenglov\u00e1<br>I\u010cO:                                09477071<br>Adresa s\u00eddla:              Kostick\u00e1 129\/40, 691 53 Tvrdonice<br>e-mail:                           info@zentax.cz<br>tel.:                                 +420 721 909 270<\/p>\n\n\n\n<p>Podm\u00ednky zpracov\u00e1n\u00ed osobn\u00edch \u00fadaj\u016f Subjektu:<\/p>\n\n\n\n<ul><li>Spr\u00e1vcem osobn\u00edch \u00fadaj\u016f podle Na\u0159\u00edzen\u00ed (EU) 2016\/679 (GDPR) je Spr\u00e1vce.<\/li><li>Va\u0161e osobn\u00ed \u00fadaje zpracov\u00e1v\u00e1 Spr\u00e1vce z d\u016fvodu zaji\u0161t\u011bn\u00ed objednan\u00fdch slu\u017eeb.<\/li><li>Spr\u00e1vce zpracov\u00e1v\u00e1 Va\u0161e jm\u00e9no a p\u0159\u00edjmen\u00ed, adresu, e-mail, telefonn\u00ed \u010d\u00edslo a informace o objednan\u00fdch slu\u017eb\u00e1ch.<\/li><li>Pr\u00e1vn\u00edm d\u016fvodem zpracov\u00e1n\u00ed osobn\u00edch \u00fadaj\u016f je pln\u011bn\u00ed smlouvy a pln\u011bn\u00ed z\u00e1konn\u00fdch povinnost\u00ed.<\/li><li>Ochrana Va\u0161ich osobn\u00edch \u00fadaj\u016f odpov\u00edd\u00e1 po\u017eadavk\u016fm Na\u0159\u00edzen\u00ed (EU) 2016\/679 (GDPR).<\/li><li>Va\u0161e osobn\u00ed \u00fadaje Spr\u00e1vce poskytuje jen instituc\u00edm k tomu zmocn\u011bn\u00fdm z\u00e1konem, nikomu jin\u00e9mu Va\u0161e osobn\u00ed \u00fadaje bez Va\u0161eho v\u00fdslovn\u00e9ho souhlasu neposkytuje.<\/li><li>P\u0159i zpracov\u00e1n\u00ed Va\u0161ich osobn\u00edch \u00fadaj\u016f nebude doch\u00e1zet k automatizovan\u00e9mu rozhodov\u00e1n\u00ed ani k profilov\u00e1n\u00ed.<\/li><li>Spr\u00e1vce nejmenoval pov\u011b\u0159ence pro ochranu osobn\u00edch \u00fadaj\u016f, nepov\u011b\u0159il zpracov\u00e1n\u00edm Va\u0161ich osobn\u00edch \u00fadaj\u016f \u017e\u00e1dn\u00e9ho zpracovatele ani neur\u010dil z\u00e1stupce pro pln\u011bn\u00ed povinnost\u00ed ve smyslu GDPR.<\/li><li>Spr\u00e1vce nem\u00e1 v \u00famyslu p\u0159edat Va\u0161e osobn\u00ed \u00fadaje do t\u0159et\u00ed zem\u011b, mezin\u00e1rodn\u00ed organizaci nebo jin\u00fdm osob\u00e1m.<\/li><li>Kdykoliv m\u00e1te pr\u00e1vo odvolat sv\u016fj souhlas se zpracov\u00e1n\u00edm osobn\u00edch \u00fadaj\u016f, pr\u00e1vo po\u017eadovat od Spr\u00e1vce p\u0159\u00edstup ke sv\u00fdm osobn\u00edm \u00fadaj\u016fm, jejich opravu nebo v\u00fdmaz, pop\u0159\u00edpad\u011b omezen\u00ed zpracov\u00e1n\u00ed, a vzn\u00e9st n\u00e1mitku proti zpracov\u00e1n\u00ed. M\u00e1te pr\u00e1vo na p\u0159enositelnost t\u011bchto \u00fadaj\u016f k jin\u00e9mu spr\u00e1vci, jako\u017e i pr\u00e1vo podat st\u00ed\u017enost u \u00da\u0159adu pro ochranu osobn\u00edch \u00fadaj\u016f, m\u00e1te-li za to, \u017ee p\u0159i zpracov\u00e1n\u00ed va\u0161ich osobn\u00edch \u00fadaj\u016f postupuje spr\u00e1vce v rozporu s GDPR.<\/li><\/ul>\n\n\n\n<div class=\"wp-block-image\"><figure class=\"aligncenter size-large is-resized\"><img decoding=\"async\" loading=\"lazy\" src=\"http:\/\/www.zentax.cz\/wp-content\/uploads\/2021\/03\/zen_ending.png\" alt=\"\" class=\"wp-image-629\" width=\"220\" height=\"164\" srcset=\"https:\/\/www.zentax.cz\/wp-content\/uploads\/2021\/03\/zen_ending.png 1000w, https:\/\/www.zentax.cz\/wp-content\/uploads\/2021\/03\/zen_ending-300x225.png 300w, https:\/\/www.zentax.cz\/wp-content\/uploads\/2021\/03\/zen_ending-768x576.png 768w\" sizes=\"(max-width: 220px) 100vw, 220px\" \/><\/figure><\/div>\n","protected":false},"excerpt":{"rendered":"<p>Podm\u00ednky zpracov\u00e1n\u00ed a ochrany osobn\u00edch \u00fadaj\u016f V\u00e1\u017een\u00ed klienti, podle Na\u0159\u00edzen\u00ed (EU) 2016\/679 (GDPR) se zavazuji respektovat a ochra\u0148ovat Va\u0161e soukrom\u00ed a chr\u00e1nit Va\u0161e osobn\u00ed \u00fadaje a postupovat v souladu se z\u00e1konem \u010d. 101\/2000 Sb., o ochran\u011b osobn\u00edch \u00fadaj\u016f a o zm\u011bn\u011b n\u011bkter\u00fdch z\u00e1kon\u016f. V souladu s po\u017eadavky na\u0159\u00edzen\u00ed sd\u011bluji, \u017ee m\u00e9 identifika\u010dn\u00ed \u00fadaje, jako osoby &hellip; <\/p>\n<p class=\"link-more\"><a href=\"https:\/\/www.zentax.cz\/index.php\/gdpr\/\" class=\"more-link\">Pokra\u010dovat ve \u010dten\u00ed<span class=\"screen-reader-text\"> &#8222;GDPR&#8220;<\/span><\/a><\/p>\n","protected":false},"author":1,"featured_media":0,"parent":0,"menu_order":0,"comment_status":"closed","ping_status":"closed","template":"","meta":[],"_links":{"self":[{"href":"https:\/\/www.zentax.cz\/index.php\/wp-json\/wp\/v2\/pages\/136"}],"collection":[{"href":"https:\/\/www.zentax.cz\/index.php\/wp-json\/wp\/v2\/pages"}],"about":[{"href":"https:\/\/www.zentax.cz\/index.php\/wp-json\/wp\/v2\/types\/page"}],"author":[{"embeddable":true,"href":"https:\/\/www.zentax.cz\/index.php\/wp-json\/wp\/v2\/users\/1"}],"replies":[{"embeddable":true,"href":"https:\/\/www.zentax.cz\/index.php\/wp-json\/wp\/v2\/comments?post=136"}],"version-history":[{"count":11,"href":"https:\/\/www.zentax.cz\/index.php\/wp-json\/wp\/v2\/pages\/136\/revisions"}],"predecessor-version":[{"id":903,"href":"https:\/\/www.zentax.cz\/index.php\/wp-json\/wp\/v2\/pages\/136\/revisions\/903"}],"wp:attachment":[{"href":"https:\/\/www.zentax.cz\/index.php\/wp-json\/wp\/v2\/media?parent=136"}],"curies":[{"name":"wp","href":"https:\/\/api.w.org\/{rel}","templated":true}]}}